{"id":309,"date":"2016-07-21T12:14:43","date_gmt":"2016-07-21T11:14:43","guid":{"rendered":"\/?page_id=309"},"modified":"2021-06-21T15:34:23","modified_gmt":"2021-06-21T14:34:23","slug":"faqs","status":"publish","type":"page","link":"https:\/\/dev.livingwithnets.com\/fr-be\/obtenir-de-laide\/faqs\/","title":{"rendered":"FAQs"},"content":{"rendered":"","protected":false},"excerpt":{"rendered":"","protected":false},"author":1,"featured_media":0,"parent":15,"menu_order":0,"comment_status":"closed","ping_status":"closed","template":"template-ask-an-expert.php","meta":{"_acf_changed":false,"_monsterinsights_skip_tracking":false,"_monsterinsights_sitenote_active":false,"_monsterinsights_sitenote_note":"","_monsterinsights_sitenote_category":0,"footnotes":""},"class_list":["post-309","page","type-page","status-publish","hentry"],"yoast_head":"<!-- This site is optimized with the Yoast SEO plugin v23.8 - https:\/\/yoast.com\/wordpress\/plugins\/seo\/ -->\n<title>Vivre avec des TNE\u00a0: Questions fr\u00e9quemment pos\u00e9es<\/title>\n<meta name=\"description\" content=\"Voici des m\u00e9decins et des patients qui r\u00e9pondent aux questions fr\u00e9quentes sur les tumeurs neuroendocrines (TNE), le cancer neuroendocrinien, les tumeurs carcino\u00efdes et le cancer carcino\u00efde.\" \/>\n<meta name=\"robots\" content=\"index, follow, max-snippet:-1, max-image-preview:large, max-video-preview:-1\" \/>\n<link rel=\"canonical\" href=\"https:\/\/dev.livingwithnets.com\/fr-be\/obtenir-de-laide\/faqs\/\" \/>\n<meta property=\"og:locale\" content=\"fr_FR\" \/>\n<meta property=\"og:type\" content=\"article\" \/>\n<meta property=\"og:title\" content=\"Vivre avec des TNE\u00a0: Questions fr\u00e9quemment pos\u00e9es\" \/>\n<meta property=\"og:description\" content=\"Voici des m\u00e9decins et des patients qui r\u00e9pondent aux questions fr\u00e9quentes sur les tumeurs neuroendocrines (TNE), le cancer neuroendocrinien, les tumeurs carcino\u00efdes et le cancer carcino\u00efde.\" \/>\n<meta property=\"og:url\" content=\"https:\/\/dev.livingwithnets.com\/fr-be\/obtenir-de-laide\/faqs\/\" \/>\n<meta property=\"og:site_name\" content=\"Living with NETS - French (Belgium)\" \/>\n<meta property=\"article:modified_time\" content=\"2021-06-21T14:34:23+00:00\" \/>\n<meta name=\"twitter:card\" content=\"summary_large_image\" \/>\n<script type=\"application\/ld+json\" class=\"yoast-schema-graph\">{\"@context\":\"https:\/\/schema.org\",\"@graph\":[{\"@type\":\"WebPage\",\"@id\":\"https:\/\/dev.livingwithnets.com\/fr-be\/obtenir-de-laide\/faqs\/\",\"url\":\"https:\/\/dev.livingwithnets.com\/fr-be\/obtenir-de-laide\/faqs\/\",\"name\":\"Vivre avec des TNE\u00a0: Questions fr\u00e9quemment pos\u00e9es\",\"isPartOf\":{\"@id\":\"https:\/\/dev.livingwithnets.com\/fr-be\/#website\"},\"datePublished\":\"2016-07-21T11:14:43+00:00\",\"dateModified\":\"2021-06-21T14:34:23+00:00\",\"description\":\"Voici des m\u00e9decins et des patients qui r\u00e9pondent aux questions fr\u00e9quentes sur les tumeurs neuroendocrines (TNE), le cancer neuroendocrinien, les tumeurs carcino\u00efdes et le cancer carcino\u00efde.\",\"breadcrumb\":{\"@id\":\"https:\/\/dev.livingwithnets.com\/fr-be\/obtenir-de-laide\/faqs\/#breadcrumb\"},\"inLanguage\":\"fr-BE\",\"potentialAction\":[{\"@type\":\"ReadAction\",\"target\":[\"https:\/\/dev.livingwithnets.com\/fr-be\/obtenir-de-laide\/faqs\/\"]}]},{\"@type\":\"BreadcrumbList\",\"@id\":\"https:\/\/dev.livingwithnets.com\/fr-be\/obtenir-de-laide\/faqs\/#breadcrumb\",\"itemListElement\":[{\"@type\":\"ListItem\",\"position\":1,\"name\":\"Home\",\"item\":\"https:\/\/dev.livingwithnets.com\/fr-be\/\"},{\"@type\":\"ListItem\",\"position\":2,\"name\":\"Obtenir de l&#8217;aide\",\"item\":\"https:\/\/dev.livingwithnets.com\/fr-be\/obtenir-de-laide\/\"},{\"@type\":\"ListItem\",\"position\":3,\"name\":\"FAQs\"}]},{\"@type\":\"WebSite\",\"@id\":\"https:\/\/dev.livingwithnets.com\/fr-be\/#website\",\"url\":\"https:\/\/dev.livingwithnets.com\/fr-be\/\",\"name\":\"Living with NETS - French (Belgium)\",\"description\":\"Living with NETs - the home of neuroendocrine tumour information and support\",\"potentialAction\":[{\"@type\":\"SearchAction\",\"target\":{\"@type\":\"EntryPoint\",\"urlTemplate\":\"https:\/\/dev.livingwithnets.com\/fr-be\/?s={search_term_string}\"},\"query-input\":{\"@type\":\"PropertyValueSpecification\",\"valueRequired\":true,\"valueName\":\"search_term_string\"}}],\"inLanguage\":\"fr-BE\"}]}<\/script>\n<!-- \/ Yoast SEO plugin. -->","yoast_head_json":{"title":"Vivre avec des TNE\u00a0: Questions fr\u00e9quemment pos\u00e9es","description":"Voici des m\u00e9decins et des patients qui r\u00e9pondent aux questions fr\u00e9quentes sur les tumeurs neuroendocrines (TNE), le cancer neuroendocrinien, les tumeurs carcino\u00efdes et le cancer carcino\u00efde.","robots":{"index":"index","follow":"follow","max-snippet":"max-snippet:-1","max-image-preview":"max-image-preview:large","max-video-preview":"max-video-preview:-1"},"canonical":"https:\/\/dev.livingwithnets.com\/fr-be\/obtenir-de-laide\/faqs\/","og_locale":"fr_FR","og_type":"article","og_title":"Vivre avec des TNE\u00a0: Questions fr\u00e9quemment pos\u00e9es","og_description":"Voici des m\u00e9decins et des patients qui r\u00e9pondent aux questions fr\u00e9quentes sur les tumeurs neuroendocrines (TNE), le cancer neuroendocrinien, les tumeurs carcino\u00efdes et le cancer carcino\u00efde.","og_url":"https:\/\/dev.livingwithnets.com\/fr-be\/obtenir-de-laide\/faqs\/","og_site_name":"Living with NETS - French (Belgium)","article_modified_time":"2021-06-21T14:34:23+00:00","twitter_card":"summary_large_image","schema":{"@context":"https:\/\/schema.org","@graph":[{"@type":"WebPage","@id":"https:\/\/dev.livingwithnets.com\/fr-be\/obtenir-de-laide\/faqs\/","url":"https:\/\/dev.livingwithnets.com\/fr-be\/obtenir-de-laide\/faqs\/","name":"Vivre avec des TNE\u00a0: Questions fr\u00e9quemment pos\u00e9es","isPartOf":{"@id":"https:\/\/dev.livingwithnets.com\/fr-be\/#website"},"datePublished":"2016-07-21T11:14:43+00:00","dateModified":"2021-06-21T14:34:23+00:00","description":"Voici des m\u00e9decins et des patients qui r\u00e9pondent aux questions fr\u00e9quentes sur les tumeurs neuroendocrines (TNE), le cancer neuroendocrinien, les tumeurs carcino\u00efdes et le cancer carcino\u00efde.","breadcrumb":{"@id":"https:\/\/dev.livingwithnets.com\/fr-be\/obtenir-de-laide\/faqs\/#breadcrumb"},"inLanguage":"fr-BE","potentialAction":[{"@type":"ReadAction","target":["https:\/\/dev.livingwithnets.com\/fr-be\/obtenir-de-laide\/faqs\/"]}]},{"@type":"BreadcrumbList","@id":"https:\/\/dev.livingwithnets.com\/fr-be\/obtenir-de-laide\/faqs\/#breadcrumb","itemListElement":[{"@type":"ListItem","position":1,"name":"Home","item":"https:\/\/dev.livingwithnets.com\/fr-be\/"},{"@type":"ListItem","position":2,"name":"Obtenir de l&#8217;aide","item":"https:\/\/dev.livingwithnets.com\/fr-be\/obtenir-de-laide\/"},{"@type":"ListItem","position":3,"name":"FAQs"}]},{"@type":"WebSite","@id":"https:\/\/dev.livingwithnets.com\/fr-be\/#website","url":"https:\/\/dev.livingwithnets.com\/fr-be\/","name":"Living with NETS - French (Belgium)","description":"Living with NETs - the home of neuroendocrine tumour information and support","potentialAction":[{"@type":"SearchAction","target":{"@type":"EntryPoint","urlTemplate":"https:\/\/dev.livingwithnets.com\/fr-be\/?s={search_term_string}"},"query-input":{"@type":"PropertyValueSpecification","valueRequired":true,"valueName":"search_term_string"}}],"inLanguage":"fr-BE"}]}},"acf":[],"_links":{"self":[{"href":"https:\/\/dev.livingwithnets.com\/fr-be\/wp-json\/wp\/v2\/pages\/309","targetHints":{"allow":["GET"]}}],"collection":[{"href":"https:\/\/dev.livingwithnets.com\/fr-be\/wp-json\/wp\/v2\/pages"}],"about":[{"href":"https:\/\/dev.livingwithnets.com\/fr-be\/wp-json\/wp\/v2\/types\/page"}],"author":[{"embeddable":true,"href":"https:\/\/dev.livingwithnets.com\/fr-be\/wp-json\/wp\/v2\/users\/1"}],"replies":[{"embeddable":true,"href":"https:\/\/dev.livingwithnets.com\/fr-be\/wp-json\/wp\/v2\/comments?post=309"}],"version-history":[{"count":5,"href":"https:\/\/dev.livingwithnets.com\/fr-be\/wp-json\/wp\/v2\/pages\/309\/revisions"}],"predecessor-version":[{"id":5488,"href":"https:\/\/dev.livingwithnets.com\/fr-be\/wp-json\/wp\/v2\/pages\/309\/revisions\/5488"}],"up":[{"embeddable":true,"href":"https:\/\/dev.livingwithnets.com\/fr-be\/wp-json\/wp\/v2\/pages\/15"}],"wp:attachment":[{"href":"https:\/\/dev.livingwithnets.com\/fr-be\/wp-json\/wp\/v2\/media?parent=309"}],"curies":[{"name":"wp","href":"https:\/\/api.w.org\/{rel}","templated":true}]}}